{"id":6099,"date":"2022-05-25T17:13:50","date_gmt":"2022-05-25T17:13:50","guid":{"rendered":"https:\/\/ingenieriactiva.mx\/?page_id=6099"},"modified":"2022-05-25T17:13:51","modified_gmt":"2022-05-25T17:13:51","slug":"politica-de-privacidad","status":"publish","type":"page","link":"https:\/\/ingenieriactiva.mx\/en\/politica-de-privacidad\/","title":{"rendered":"Pol\u00edtica de privacidad"},"content":{"rendered":"<p>De acuerdo a lo previsto en la Ley federal de Protecci\u00f3n de Datos Personales en Posesi\u00f3n de particulares, de conformidad con el articulo 3, fracciones I,III, V y VI, todos sus datos personales son tratados de acuerdo a la legislaci\u00f3n aplicable y vigente en el pa\u00eds, por ello le informamos que es su derecho en todo momento, acceder, rectificar, cancelar u oponerse (ARCO) al tratamiento que le damos a sus datos personales. Los datos de este correo pueden ser enviados y\/o solicitados con la finalidad de que nuestra firma los utilice para prestacion de servicios profesionales independientes, asi como con fines estadisticos e informativos, acordados previamente con usted.<\/p>\n\n\n\n<p>Este correo electr\u00f3nico es confidencial y\/o puede contener informaci\u00f3n privilegiada. Si usted no es su destinatario o no es persona autorizada por este para recibir sus correos electr\u00f3nicos, NO debe usted utilizar, copiar, revelar, o tomar ninguna acci\u00f3n basada en este correo electr\u00f3nico o cualquier otra informaci\u00f3n incluida en el, favor de notificar al remitente de inmediato mediante el renvi\u00f3 de este correo electr\u00f3nico y borrar a continuaci\u00f3n, totalmente este correo electr\u00f3nico y sus anexos<\/p>\n\n\n\n<p>This e-mail is confidential and\/or may contain privileged information. If you are not the adressee or authorized to receive this e-mail for the addressee, you must not use, copy, disclose, or take any action based on this message or any other information herein, please advise the sender immediately by reply this e-mail and delete this e-mail and its attachments.<\/p>","protected":false},"excerpt":{"rendered":"<p>De acuerdo a lo previsto en la Ley federal de Protecci\u00f3n de Datos Personales en Posesi\u00f3n de particulares, de conformidad con el articulo 3, fracciones I,III, V y VI, todos sus datos personales son tratados de acuerdo a la legislaci\u00f3n aplicable y vigente en el pa\u00eds, por ello le informamos<\/p>","protected":false},"author":1,"featured_media":0,"parent":0,"menu_order":0,"comment_status":"closed","ping_status":"closed","template":"","meta":{"_joinchat":[],"footnotes":""},"class_list":["post-6099","page","type-page","status-publish","hentry"],"yoast_head":"<!-- This site is optimized with the Yoast SEO plugin v21.8.1 - https:\/\/yoast.com\/wordpress\/plugins\/seo\/ -->\n<title>Pol\u00edtica de privacidad | Ingenieria Activa<\/title>\n<meta name=\"robots\" content=\"index, follow, max-snippet:-1, max-image-preview:large, max-video-preview:-1\" \/>\n<link rel=\"canonical\" href=\"https:\/\/ingenieriactiva.mx\/en\/politica-de-privacidad\/\" \/>\n<meta property=\"og:locale\" content=\"en_US\" \/>\n<meta property=\"og:type\" content=\"article\" \/>\n<meta property=\"og:title\" content=\"Pol\u00edtica de privacidad | Ingenieria Activa\" \/>\n<meta property=\"og:description\" content=\"De acuerdo a lo previsto en la Ley federal de Protecci\u00f3n de Datos Personales en Posesi\u00f3n de particulares, de conformidad con el articulo 3, fracciones I,III, V y VI, todos sus datos personales son tratados de acuerdo a la legislaci\u00f3n aplicable y vigente en el pa\u00eds, por ello le informamos\" \/>\n<meta property=\"og:url\" content=\"https:\/\/ingenieriactiva.mx\/en\/politica-de-privacidad\/\" \/>\n<meta property=\"og:site_name\" content=\"Ingenieria Activa\" \/>\n<meta property=\"article:modified_time\" content=\"2022-05-25T17:13:51+00:00\" \/>\n<meta name=\"twitter:card\" content=\"summary_large_image\" \/>\n<meta name=\"twitter:label1\" content=\"Est. reading time\" \/>\n\t<meta name=\"twitter:data1\" content=\"2 minutes\" \/>\n<script type=\"application\/ld+json\" class=\"yoast-schema-graph\">{\"@context\":\"https:\/\/schema.org\",\"@graph\":[{\"@type\":\"WebPage\",\"@id\":\"https:\/\/ingenieriactiva.mx\/politica-de-privacidad\/\",\"url\":\"https:\/\/ingenieriactiva.mx\/politica-de-privacidad\/\",\"name\":\"Pol\u00edtica de privacidad | Ingenieria Activa\",\"isPartOf\":{\"@id\":\"https:\/\/ingenieriactiva.mx\/#website\"},\"datePublished\":\"2022-05-25T17:13:50+00:00\",\"dateModified\":\"2022-05-25T17:13:51+00:00\",\"breadcrumb\":{\"@id\":\"https:\/\/ingenieriactiva.mx\/politica-de-privacidad\/#breadcrumb\"},\"inLanguage\":\"en-US\",\"potentialAction\":[{\"@type\":\"ReadAction\",\"target\":[\"https:\/\/ingenieriactiva.mx\/politica-de-privacidad\/\"]}]},{\"@type\":\"BreadcrumbList\",\"@id\":\"https:\/\/ingenieriactiva.mx\/politica-de-privacidad\/#breadcrumb\",\"itemListElement\":[{\"@type\":\"ListItem\",\"position\":1,\"name\":\"Portada\",\"item\":\"https:\/\/ingenieriactiva.mx\/\"},{\"@type\":\"ListItem\",\"position\":2,\"name\":\"Pol\u00edtica de privacidad\"}]},{\"@type\":\"WebSite\",\"@id\":\"https:\/\/ingenieriactiva.mx\/#website\",\"url\":\"https:\/\/ingenieriactiva.mx\/\",\"name\":\"Ingenieria Activa\",\"description\":\"Impermeabilizaciones, Reparaciones y Mantenimiento\",\"potentialAction\":[{\"@type\":\"SearchAction\",\"target\":{\"@type\":\"EntryPoint\",\"urlTemplate\":\"https:\/\/ingenieriactiva.mx\/?s={search_term_string}\"},\"query-input\":\"required name=search_term_string\"}],\"inLanguage\":\"en-US\"}]}<\/script>\n<!-- \/ Yoast SEO plugin. -->","yoast_head_json":{"title":"Pol\u00edtica de privacidad | Ingenieria Activa","robots":{"index":"index","follow":"follow","max-snippet":"max-snippet:-1","max-image-preview":"max-image-preview:large","max-video-preview":"max-video-preview:-1"},"canonical":"https:\/\/ingenieriactiva.mx\/en\/politica-de-privacidad\/","og_locale":"en_US","og_type":"article","og_title":"Pol\u00edtica de privacidad | Ingenieria Activa","og_description":"De acuerdo a lo previsto en la Ley federal de Protecci\u00f3n de Datos Personales en Posesi\u00f3n de particulares, de conformidad con el articulo 3, fracciones I,III, V y VI, todos sus datos personales son tratados de acuerdo a la legislaci\u00f3n aplicable y vigente en el pa\u00eds, por ello le informamos","og_url":"https:\/\/ingenieriactiva.mx\/en\/politica-de-privacidad\/","og_site_name":"Ingenieria Activa","article_modified_time":"2022-05-25T17:13:51+00:00","twitter_card":"summary_large_image","twitter_misc":{"Est. reading time":"2 minutes"},"schema":{"@context":"https:\/\/schema.org","@graph":[{"@type":"WebPage","@id":"https:\/\/ingenieriactiva.mx\/politica-de-privacidad\/","url":"https:\/\/ingenieriactiva.mx\/politica-de-privacidad\/","name":"Pol\u00edtica de privacidad | Ingenieria Activa","isPartOf":{"@id":"https:\/\/ingenieriactiva.mx\/#website"},"datePublished":"2022-05-25T17:13:50+00:00","dateModified":"2022-05-25T17:13:51+00:00","breadcrumb":{"@id":"https:\/\/ingenieriactiva.mx\/politica-de-privacidad\/#breadcrumb"},"inLanguage":"en-US","potentialAction":[{"@type":"ReadAction","target":["https:\/\/ingenieriactiva.mx\/politica-de-privacidad\/"]}]},{"@type":"BreadcrumbList","@id":"https:\/\/ingenieriactiva.mx\/politica-de-privacidad\/#breadcrumb","itemListElement":[{"@type":"ListItem","position":1,"name":"Portada","item":"https:\/\/ingenieriactiva.mx\/"},{"@type":"ListItem","position":2,"name":"Pol\u00edtica de privacidad"}]},{"@type":"WebSite","@id":"https:\/\/ingenieriactiva.mx\/#website","url":"https:\/\/ingenieriactiva.mx\/","name":"Ingenieria Activa","description":"Impermeabilizaciones, Reparaciones y Mantenimiento","potentialAction":[{"@type":"SearchAction","target":{"@type":"EntryPoint","urlTemplate":"https:\/\/ingenieriactiva.mx\/?s={search_term_string}"},"query-input":"required name=search_term_string"}],"inLanguage":"en-US"}]}},"_links":{"self":[{"href":"https:\/\/ingenieriactiva.mx\/en\/wp-json\/wp\/v2\/pages\/6099","targetHints":{"allow":["GET"]}}],"collection":[{"href":"https:\/\/ingenieriactiva.mx\/en\/wp-json\/wp\/v2\/pages"}],"about":[{"href":"https:\/\/ingenieriactiva.mx\/en\/wp-json\/wp\/v2\/types\/page"}],"author":[{"embeddable":true,"href":"https:\/\/ingenieriactiva.mx\/en\/wp-json\/wp\/v2\/users\/1"}],"replies":[{"embeddable":true,"href":"https:\/\/ingenieriactiva.mx\/en\/wp-json\/wp\/v2\/comments?post=6099"}],"version-history":[{"count":0,"href":"https:\/\/ingenieriactiva.mx\/en\/wp-json\/wp\/v2\/pages\/6099\/revisions"}],"wp:attachment":[{"href":"https:\/\/ingenieriactiva.mx\/en\/wp-json\/wp\/v2\/media?parent=6099"}],"curies":[{"name":"wp","href":"https:\/\/api.w.org\/{rel}","templated":true}]}}